{"id":3,"date":"2022-02-01T18:37:16","date_gmt":"2022-02-01T18:37:16","guid":{"rendered":"http:\/\/www.retos.org.mx\/?page_id=3"},"modified":"2022-03-22T00:11:04","modified_gmt":"2022-03-22T00:11:04","slug":"privacy-policy","status":"publish","type":"page","link":"https:\/\/www.retos.org.mx\/es\/privacy-policy\/","title":{"rendered":"Privacy Policy"},"content":{"rendered":"<table width=\"950\">\r\n<tbody>\r\n<tr>\r\n<td>\r\n<p><strong>Introducci\u00f3n<\/strong><\/p>\r\n<p>En el Instituto de Atenci\u00f3n Integral al Discapacitado Retos, A.B.P. estamos comprometidos con tu seguridad y con la de tu familia por ello contamos con las m\u00e1s estricta medidas de seguridad para resguardar la absoluta confidencialidad de los datos personales de quienes nos los conf\u00eden. Por ello te damos a conocer los t\u00e9rminos de nuestro aviso de privacidad conforme a las disposiciones establecidas en la Ley Federal de Protecci\u00f3n de Datos en Posesi\u00f3n de los Particulares.<\/p>\r\n<p>&nbsp;<\/p>\r\n<p><strong>Aviso de Privacidad<\/strong><\/p>\r\n<p><br \/><strong>I.- Identidad y domicilio del responsable<\/strong><br \/>El Instituto de Atenci\u00f3n Integral al Discapacitado Retos, A.B.P. con domicilio en Ignacio Luis Vallarta Sur # 619 Centro Monterrey, N.L. 64000, es responsable de recabar los datos personales y sensibles del titular, del manejo de los mismos y de su protecci\u00f3n.<\/p>\r\n<p><strong>II.- Finalidades del tratamiento<\/strong><br \/>Los datos personales que le proporcione a RETOS, ser\u00e1n utilizados exclusivamente para la realizaci\u00f3n de env\u00edo de informaci\u00f3n referente a invitaciones, felicitaciones, solicitudes de apoyo, promoci\u00f3n de eventos a beneficio de la instituci\u00f3n, as\u00ed como para cualquier otro fin que nos ayude a mejorar los servicio proporcionados por RETOS.<br \/>Los datos que le requerimos son: nombre, domicilio, tel\u00e9fono y aquellos necesarios para los fines arriba se\u00f1alados.<\/p>\r\n<p><strong>III.- Opciones y medios para limitar el uso o divulgaci\u00f3n de tus datos personales<\/strong><br \/>El titular podr\u00e1 revocar su consentimiento para las finalidades que no son indispensables para la relaci\u00f3n jur\u00eddica que dio origen a la relaci\u00f3n entablada con RETOS.<br \/>Para efectuar dicha revocaci\u00f3n, usted podr\u00e1 acudir a nuestras instalaciones y obtener el formato de revocaci\u00f3n respectivo, mismo que tramitar\u00e1 conforme al procedimiento para ejercer los derechos ARCO, y mediante el cual en caso de ser procedente lo excluiremos de nuestras campa\u00f1as.<\/p>\r\n<p><strong>IV.- Medios para ejercer los derechos ARCO (acceso, rectificaci\u00f3n, cancelaci\u00f3n y oposici\u00f3n)<\/strong><br \/>El Titular tiene el derecho de acceder, rectificar, cancelar sus datos personales, oponerse al tratamiento de dichos datos o bien desautorizar el consentimiento que para tal fin haya otorgado previamente a RETOS.<br \/>Para la salvaguarda de sus derechos ARCO y para limitar el uso o divulgaci\u00f3n de sus datos personales; el Titular podr\u00e1 utilizar los procedimientos implementados a su favor, publicados en el sitio web http:\/\/www.retos.org.mx\/ de igual manera puede contactar a nuestra Oficina al correo electr\u00f3nico\u00a0<a href=\"mailto:enlace@retos.org.mx\">enlace@retos.org.mx<\/a><\/p>\r\n<p><strong>V.- Transferencias<\/strong><br \/>Sus datos pueden ser proporcionados a terceros que de alguna manera apoyen al RETOS, \u00fanicamente para la mejora en la calidad del servicio, u otros servicios que usted requiera de RETOS<br \/>Si el Titular no manifiesta su oposici\u00f3n a que los datos personales se transfieran, \u00fanicamente para los fines aqu\u00ed precisados, se entender\u00e1 que ha otorgado su consentimiento para ello con el registro de su huella dactilar, a trav\u00e9s de su firma aut\u00f3grafa, firma electr\u00f3nica, o cualquier mecanismo de autenticaci\u00f3n que al efecto se establezca.<\/p>\r\n<p><strong>VI.- Cambios al Aviso de Privacidad<\/strong><br \/>Cualquier modificaci\u00f3n al presente aviso le ser\u00e1 notificada a trav\u00e9s de nuestra p\u00e1gina web http:\/\/www.retos.org.mx\/ por tal motivo te recomendamos consultar regularmente este aviso de privacidad ya que puede sufrir cambios en cualquier momento.<br \/>Estas medidas operan en el marco de la Ley Federal de Protecci\u00f3n de Datos Personales en Posesi\u00f3n de los Particulares.<\/p>\r\n<p><strong>Atentamente<\/strong><br \/>Instituto de Atenci\u00f3n Integral al Discapacitado Retos, A.B.P.<\/p>\r\n<\/td>\r\n<\/tr>\r\n<\/tbody>\r\n<\/table>","protected":false},"excerpt":{"rendered":"<p>Introducci\u00f3n En el Instituto de Atenci\u00f3n Integral al Discapacitado Retos, A.B.P. estamos comprometidos con tu seguridad y con la de tu familia por ello contamos con las m\u00e1s estricta medidas de seguridad para resguardar la absoluta confidencialidad de los datos personales de quienes nos los conf\u00eden. Por ello te damos a conocer los t\u00e9rminos de [&hellip;]<\/p>","protected":false},"author":1,"featured_media":0,"parent":0,"menu_order":0,"comment_status":"closed","ping_status":"open","template":"","meta":{"footnotes":""},"class_list":["post-3","page","type-page","status-publish","hentry"],"_links":{"self":[{"href":"https:\/\/www.retos.org.mx\/es\/wp-json\/wp\/v2\/pages\/3","targetHints":{"allow":["GET"]}}],"collection":[{"href":"https:\/\/www.retos.org.mx\/es\/wp-json\/wp\/v2\/pages"}],"about":[{"href":"https:\/\/www.retos.org.mx\/es\/wp-json\/wp\/v2\/types\/page"}],"author":[{"embeddable":true,"href":"https:\/\/www.retos.org.mx\/es\/wp-json\/wp\/v2\/users\/1"}],"replies":[{"embeddable":true,"href":"https:\/\/www.retos.org.mx\/es\/wp-json\/wp\/v2\/comments?post=3"}],"version-history":[{"count":1,"href":"https:\/\/www.retos.org.mx\/es\/wp-json\/wp\/v2\/pages\/3\/revisions"}],"predecessor-version":[{"id":781,"href":"https:\/\/www.retos.org.mx\/es\/wp-json\/wp\/v2\/pages\/3\/revisions\/781"}],"wp:attachment":[{"href":"https:\/\/www.retos.org.mx\/es\/wp-json\/wp\/v2\/media?parent=3"}],"curies":[{"name":"wp","href":"https:\/\/api.w.org\/{rel}","templated":true}]}}