{"id":668,"date":"2022-02-23T19:36:55","date_gmt":"2022-02-23T19:36:55","guid":{"rendered":"https:\/\/www.retos.org.mx\/?page_id=668"},"modified":"2022-10-19T15:28:19","modified_gmt":"2022-10-19T21:28:19","slug":"programs","status":"publish","type":"page","link":"https:\/\/www.retos.org.mx\/es\/programs\/","title":{"rendered":"Programas"},"content":{"rendered":"<div id='av_section_1' class='avia-section main_color avia-section-default avia-no-border-styling avia-full-stretch av-parallax-section av-section-color-overlay-active avia-bg-style-parallax  avia-builder-el-0  el_before_av_section  avia-builder-el-first   av-minimum-height av-minimum-height-75 container_wrap sidebar_right' style=' '  data-section-bg-repeat='stretch'><div class='av-parallax' data-avia-parallax-ratio='0.3' ><div class='av-parallax-inner main_color  avia-full-stretch' style = 'background-repeat: no-repeat; background-image: url(https:\/\/www.retos.org.mx\/wp-content\/uploads\/2022\/10\/terapia.jpg);background-attachment: scroll; background-position: center center; ' ><\/div><\/div><div class='av-section-color-overlay-wrap'><div class='av-section-color-overlay' style='opacity: 0.8; background-color: #29a2ca; '><\/div><div class='container' ><main  role=\"main\" itemprop=\"mainContentOfPage\"  class='template-page content  av-content-small alpha units'><div class='post-entry post-entry-type-page post-entry-668'><div class='entry-content-wrapper clearfix'>\n<div class=\"flex_column av_one_fifth  flex_column_div first  avia-builder-el-1  el_before_av_three_fifth  avia-builder-el-first\" ><\/div><div class=\"flex_column av_three_fifth  flex_column_div   avia-builder-el-2  el_after_av_one_fifth  el_before_av_one_fifth\" ><div style='padding-bottom:10px; color:#ffffff;font-size:40px;' class='av-special-heading av-special-heading-h1 custom-color-heading blockquote modern-quote modern-centered  avia-builder-el-3  avia-builder-el-no-sibling  av-thin-font av-inherit-size'><h1 class='av-special-heading-tag'  itemprop=\"headline\"  >BRINDAMOS UN PROGRAMA DE<br \/>\n<strong>ATENCI\u00d3N INTEGRAL A J\u00d3VENES Y ADULTOS CON DISCAPACIDAD,<\/strong> MEJORANDO SU BIENESTAR<\/h1><div class='special-heading-border'><div class='special-heading-inner-border' style='border-color:#ffffff'><\/div><\/div><\/div><\/div><div class=\"flex_column av_one_fifth  flex_column_div   avia-builder-el-4  el_after_av_three_fifth  avia-builder-el-last\" ><\/div>\n\n<\/div><\/div><\/main><!-- close content main element --><\/div><\/div><\/div><div id='values' class='avia-section main_color avia-section-default avia-no-border-styling avia-bg-style-scroll  avia-builder-el-5  el_after_av_section  el_before_av_section   av-arrow-down-section container_wrap sidebar_right' style=' '  ><div class='container' ><div class='template-page content  av-content-small alpha units'><div class='post-entry post-entry-type-page post-entry-668'><div class='entry-content-wrapper clearfix'>\n<div class=\"flex_column av_one_full  flex_column_div first  avia-builder-el-6  avia-builder-el-no-sibling\" ><div style='padding-bottom:10px; font-size:40px;' class='av-special-heading av-special-heading-h1  blockquote modern-quote modern-centered  avia-builder-el-7  avia-builder-el-no-sibling   av-thin-font av-inherit-size'><h1 class='av-special-heading-tag'  itemprop=\"headline\"  >NUESTROS <strong>Programas<\/strong><\/h1><div class='special-heading-border'><div class='special-heading-inner-border' ><\/div><\/div><\/div><\/div>\n\n<\/div><\/div><\/div><!-- close content main div --><\/div><div class='av-extra-border-element border-extra-arrow-down'><div class='av-extra-border-outer'><div class='av-extra-border-inner'  style='background-color:#ffffff;' ><\/div><\/div><\/div><\/div><div id='av_section_3' class='avia-section main_color avia-section-default avia-no-border-styling avia-bg-style-scroll  avia-builder-el-8  el_after_av_section  el_before_av_layout_row   av-arrow-down-section container_wrap sidebar_right' style='background-color: #eaeaea;  '  ><div class='container' ><div class='template-page content  av-content-small alpha units'><div class='post-entry post-entry-type-page post-entry-668'><div class='entry-content-wrapper clearfix'>\n<div id='avia-timeline-69eb426776150' class='avia-timeline-container    avia-builder-el-9  avia-builder-el-no-sibling' ><ul class='avia-timeline avia-timeline-vertical av-milestone-placement-alternate avia-timeline- avia_animate_when_almost_visible avia-timeline-animate'>\n<li class='av-milestone av-animated-generic fade-in av-milestone-odd  av-milestone-valign-baseline'><h2 class='av-milestone-date' style='color:#54b5d5; ' id='milestone-physical-therapy'><strong>Terapia F\u00edsica<span class='av-milestone-indicator'style='background-color:#29a2ca; '><\/span><\/strong><\/h2><div class=\"av-milestone-icon-wrap\"><span class='milestone_icon avia-font-fontello' ><span class='milestone_inner' style='background-color:#29a2ca; '><i class='milestone-char' aria-hidden='true' data-av_icon='\ue801' data-av_iconfont='fontello'><\/i><\/span><\/span><\/div><article class='av-milestone-content-wrap'><div class='av-milestone-contentbox' ><div class='av-milestone-content' style='color:#000000; '><p>Trabajamos para desarrollar y mejorar la coordinaci\u00f3n motora mediante el uso de barras paralelas y escaleras, trabajo cardiovascular en bicicleta, terapia de infrarrojos focalizada, electroterapia y masajes.<\/p>\n<\/div><\/div><footer style='background-color:#29a2ca; ' class='entry-footer'><\/footer><\/article><\/li>\n<li class='av-milestone av-animated-generic fade-in av-milestone-even  av-milestone-valign-baseline'><h2 class='av-milestone-date' style='color:#54b5d5; ' id='milestone-psychological-therapy'><strong>TERAPIA PSICOL\u00d3GICA<span class='av-milestone-indicator'style='background-color:#29a2ca; '><\/span><\/strong><\/h2><article class='av-milestone-content-wrap'><div class='av-milestone-contentbox' ><div class='av-milestone-content' style='color:#000000; '><p>Desarrollo de habilidades cognitivas y aplicaci\u00f3n de programas de modificaci\u00f3n de conductas (personalizadas y grupales).<\/p>\n<\/div><\/div><footer style='background-color:#29a2ca; ' class='entry-footer'><\/footer><\/article><div class=\"av-milestone-icon-wrap\"><span class='milestone_icon avia-font-fontello' ><span class='milestone_inner' style='background-color:#29a2ca; '><i class='milestone-char' aria-hidden='true' data-av_icon='\ue800' data-av_iconfont='fontello'><\/i><\/span><\/span><\/div><h2 class='av-milestone-date' style='color:#54b5d5; ' id='milestone-psychological-therapy'><strong>TERAPIA PSICOL\u00d3GICA<span class='av-milestone-indicator'style='background-color:#29a2ca; '><\/span><\/strong><\/h2><\/li>\n<li class='av-milestone av-animated-generic fade-in av-milestone-odd  av-milestone-valign-baseline'><h2 class='av-milestone-date' style='color:#54b5d5; ' id='milestone-occupational-therapy'><strong>Terapia Ocupacional <span class='av-milestone-indicator'style='background-color:#29a2ca; '><\/span><\/strong><\/h2><div class=\"av-milestone-icon-wrap\"><span class='milestone_icon avia-font-fontello' ><span class='milestone_inner' style='background-color:#29a2ca; '><i class='milestone-char' aria-hidden='true' data-av_icon='\ue804' data-av_iconfont='fontello'><\/i><\/span><\/span><\/div><article class='av-milestone-content-wrap'><div class='av-milestone-contentbox' ><div class='av-milestone-content' style='color:#000000; '><p>A trav\u00e9s de un taller y una variedad de actividades, ofrecemos al beneficiario la oportunidad de desarrollar o mejorar las habilidades relacionadas con las actividades de la vida humana (actividades b\u00e1sicas e instrumentales de la vida diaria), texturas, alcance, coordinaci\u00f3n visomotora, hilo y precisi\u00f3n. Todo ello con el fin de mejorar la motricidad fina y gruesa, la capacidad de precisi\u00f3n y el rendimiento de comprensi\u00f3n en las actividades de la vida diaria.<\/p>\n<\/div><\/div><footer style='background-color:#29a2ca; ' class='entry-footer'><\/footer><\/article><\/li>\n<li class='av-milestone av-animated-generic fade-in av-milestone-even  av-milestone-valign-baseline'><h2 class='av-milestone-date' style='color:#54b5d5; ' id='milestone-sensory-stimulation'><strong>Estimulaci\u00f3n Sensorial<span class='av-milestone-indicator'style='background-color:#29a2ca; '><\/span><\/strong><\/h2><article class='av-milestone-content-wrap'><div class='av-milestone-contentbox' ><div class='av-milestone-content' style='color:#000000; '><p>La terapia multisensorial trabaja estimulando diferentes sentidos favoreciendo la integraci\u00f3n de los mismos erradicando conductas violentas o negativas.<\/p>\n<\/div><\/div><footer style='background-color:#29a2ca; ' class='entry-footer'><\/footer><\/article><div class=\"av-milestone-icon-wrap\"><span class='milestone_icon avia-font-fontello' ><span class='milestone_inner' style='background-color:#29a2ca; '><i class='milestone-char' aria-hidden='true' data-av_icon='\ue806' data-av_iconfont='fontello'><\/i><\/span><\/span><\/div><h2 class='av-milestone-date' style='color:#54b5d5; ' id='milestone-sensory-stimulation'><strong>Estimulaci\u00f3n Sensorial<span class='av-milestone-indicator'style='background-color:#29a2ca; '><\/span><\/strong><\/h2><\/li>\n<li class='av-milestone av-animated-generic fade-in av-milestone-odd  av-milestone-valign-baseline'><h2 class='av-milestone-date' style='color:#54b5d5; ' id='milestone-social-inclusion'><strong>INCLUSI\u00d3N SOCIAL<span class='av-milestone-indicator'style='background-color:#29a2ca; '><\/span><\/strong><\/h2><div class=\"av-milestone-icon-wrap\"><span class='milestone_icon avia-font-fontello' ><span class='milestone_inner' style='background-color:#29a2ca; '><i class='milestone-char' aria-hidden='true' data-av_icon='\ue808' data-av_iconfont='fontello'><\/i><\/span><\/span><\/div><article class='av-milestone-content-wrap'><div class='av-milestone-contentbox' ><div class='av-milestone-content' style='color:#000000; '><p>Fomentamos la inclusi\u00f3n social de nuestros beneficiarios visitando diferentes lugares culturales y recreativos.<\/p>\n<\/div><\/div><footer style='background-color:#29a2ca; ' class='entry-footer'><\/footer><\/article><\/li>\n<li class='av-milestone av-animated-generic fade-in av-milestone-even  av-milestone-valign-baseline'><h2 class='av-milestone-date' style='color:#54b5d5; ' id='milestone-nutrition'><strong>NUTRICI\u00d3N<span class='av-milestone-indicator'style='background-color:#29a2ca; '><\/span><\/strong><\/h2><article class='av-milestone-content-wrap'><div class='av-milestone-contentbox' ><div class='av-milestone-content' style='color:#000000; '><p>Con men\u00fas saludables, buscamos una nutrici\u00f3n adecuada a la edad, el peso, la altura y las discapacidades de nuestros beneficiarios.<\/p>\n<\/div><\/div><footer style='background-color:#29a2ca; ' class='entry-footer'><\/footer><\/article><div class=\"av-milestone-icon-wrap\"><span class='milestone_icon avia-font-fontello' ><span class='milestone_inner' style='background-color:#29a2ca; '><i class='milestone-char' aria-hidden='true' data-av_icon='\ue807' data-av_iconfont='fontello'><\/i><\/span><\/span><\/div><h2 class='av-milestone-date' style='color:#54b5d5; ' id='milestone-nutrition'><strong>NUTRICI\u00d3N<span class='av-milestone-indicator'style='background-color:#29a2ca; '><\/span><\/strong><\/h2><\/li>\n<li class='av-milestone av-animated-generic fade-in av-milestone-odd  av-milestone-valign-baseline'><h2 class='av-milestone-date' style='color:#54b5d5; ' id='milestone-transportation'><strong>TRANSPORTE<span class='av-milestone-indicator'style='background-color:#29a2ca; '><\/span><\/strong><\/h2><div class=\"av-milestone-icon-wrap\"><span class='milestone_icon avia-font-fontello' ><span class='milestone_inner' style='background-color:#29a2ca; '><i class='milestone-char' aria-hidden='true' data-av_icon='\ue809' data-av_iconfont='fontello'><\/i><\/span><\/span><\/div><article class='av-milestone-content-wrap'><div class='av-milestone-contentbox' ><div class='av-milestone-content' style='color:#000000; '><p>Este servicio diario es puerta a puerta (Casa-Instituci\u00f3n-Casa) cuando nuestros beneficiarios utilizan sillas de ruedas, muletas, andador o aparatos ortop\u00e9dicos.<\/p>\n<\/div><\/div><footer style='background-color:#29a2ca; ' class='entry-footer'><\/footer><\/article><\/li>\n<li class='av-milestone av-animated-generic fade-in av-milestone-even  av-milestone-valign-baseline'><h2 class='av-milestone-date' style='color:#54b5d5; ' id='milestone-human-development'><strong>DESARROLLO HUMANO <span class='av-milestone-indicator'style='background-color:#29a2ca; '><\/span><\/strong><\/h2><article class='av-milestone-content-wrap'><div class='av-milestone-contentbox' ><div class='av-milestone-content' style='color:#000000; '><p>Lograr el equilibrio entre la aceptaci\u00f3n de la realidad y las terapias de recuperaci\u00f3n de la autoestima para el apoyo individual y grupal.<\/p>\n<\/div><\/div><footer style='background-color:#29a2ca; ' class='entry-footer'><\/footer><\/article><div class=\"av-milestone-icon-wrap\"><span class='milestone_icon avia-font-fontello' ><span class='milestone_inner' style='background-color:#29a2ca; '><i class='milestone-char' aria-hidden='true' data-av_icon='\ue802' data-av_iconfont='fontello'><\/i><\/span><\/span><\/div><h2 class='av-milestone-date' style='color:#54b5d5; ' id='milestone-human-development'><strong>DESARROLLO HUMANO <span class='av-milestone-indicator'style='background-color:#29a2ca; '><\/span><\/strong><\/h2><\/li>\n<li class='av-milestone av-animated-generic fade-in av-milestone-odd  av-milestone-valign-baseline'><h2 class='av-milestone-date' style='color:#54b5d5; ' id='milestone-podiatry'><strong>Podolog\u00eda<span class='av-milestone-indicator'style='background-color:#29a2ca; '><\/span><\/strong><\/h2><div class=\"av-milestone-icon-wrap\"><span class='milestone_icon avia-font-fontello' ><span class='milestone_inner' style='background-color:#29a2ca; '><i class='milestone-char' aria-hidden='true' data-av_icon='\ue803' data-av_iconfont='fontello'><\/i><\/span><\/span><\/div><article class='av-milestone-content-wrap'><div class='av-milestone-contentbox' ><div class='av-milestone-content' style='color:#000000; '><p>Se agreg\u00f3 un servicio muy importante a nuestro programa, la Podolog\u00eda, debido a las necesidades que existen en nuestros Beneficiarios que presentan problemas en extremidades inferiores y las condiciones de convivencia en \u00e1reas comunes.<\/p>\n<\/div><\/div><footer style='background-color:#29a2ca; ' class='entry-footer'><\/footer><\/article><\/li>\n<li class='av-milestone av-animated-generic fade-in av-milestone-even  av-milestone-valign-baseline'><h2 class='av-milestone-date' style='color:#54b5d5; ' id='milestone-nursing'><strong>ENFERMER\u00cdA<span class='av-milestone-indicator'style='background-color:#29a2ca; '><\/span><\/strong><\/h2><article class='av-milestone-content-wrap'><div class='av-milestone-contentbox' ><div class='av-milestone-content' style='color:#000000; '><p>En base a un convenio con el Departamento de Salud del Gobierno, contamos con una enfermera de servicio social durante un a\u00f1o completo, ayudando a monitorear la salud general de nuestros beneficiarios.<\/p>\n<\/div><\/div><footer style='background-color:#29a2ca; ' class='entry-footer'><\/footer><\/article><div class=\"av-milestone-icon-wrap\"><span class='milestone_icon avia-font-fontello' ><span class='milestone_inner' style='background-color:#29a2ca; '><i class='milestone-char' aria-hidden='true' data-av_icon='\ue80a' data-av_iconfont='fontello'><\/i><\/span><\/span><\/div><h2 class='av-milestone-date' style='color:#54b5d5; ' id='milestone-nursing'><strong>ENFERMER\u00cdA<span class='av-milestone-indicator'style='background-color:#29a2ca; '><\/span><\/strong><\/h2><\/li>\n<li class='av-milestone av-animated-generic fade-in av-milestone-odd  av-milestone-valign-baseline'><h2 class='av-milestone-date' style='color:#54b5d5; ' id='milestone-odontology'><strong>ODONTOLOG\u00cdA<span class='av-milestone-indicator'style='background-color:#29a2ca; '><\/span><\/strong><\/h2><div class=\"av-milestone-icon-wrap\"><span class='milestone_icon avia-font-fontello' ><span class='milestone_inner' style='background-color:#29a2ca; '><i class='milestone-char' aria-hidden='true' data-av_icon='\ue80d' data-av_iconfont='fontello'><\/i><\/span><\/span><\/div><article class='av-milestone-content-wrap'><div class='av-milestone-contentbox' ><div class='av-milestone-content' style='color:#000000; '><p>Gracias a un convenio con la Facultad de Odontolog\u00eda de la Universidad del Estado de Nuevo Le\u00f3n, podemos brindar a nuestros beneficiarios y su familia servicio odontol\u00f3gico a bajo costo.<\/p>\n<\/div><\/div><footer style='background-color:#29a2ca; ' class='entry-footer'><\/footer><\/article><\/li>\n<\/ul><\/div>\n\n<\/div><\/div><\/div><!-- close content main div --><\/div><div class='av-extra-border-element border-extra-arrow-down'><div class='av-extra-border-outer'><div class='av-extra-border-inner'  style='background-color:#eaeaea;' ><\/div><\/div><\/div><\/div><div id='contact' class='av-layout-grid-container entry-content-wrapper main_color av-flex-cells    avia-builder-el-10  el_after_av_section  avia-builder-el-last  submenu-not-first container_wrap sidebar_right' style=' '  >\n<div class=\"flex_cell no_margin av_two_third  avia-builder-el-11  el_before_av_cell_one_third  avia-builder-el-first   av-zero-padding\" style='background: #29a2ca; vertical-align:top; padding:0px; background-color:#29a2ca; '><div class='flex_cell_inner' ><div  data-size='featured_large'  data-lightbox_size='large'  data-animation='slide'  data-conditional_play=''  data-ids='556,539'  data-video_counter='0'  data-autoplay='true'  data-bg_slider='false'  data-slide_height=''  data-handle='av_slideshow'  data-interval='3'  data-class=' avia-builder-el-12  avia-builder-el-no-sibling  '  data-css_id=''  data-scroll_down=''  data-control_layout='av-control-minimal'  data-custom_markup=''  data-perma_caption=''  data-autoplay_stopper=''  data-image_attachment=''  data-min_height='0px'  data-default-height='42'  class='avia-slideshow avia-slideshow-1  av-control-minimal av-default-height-applied avia-slideshow-featured_large av_slideshow  avia-builder-el-12  avia-builder-el-no-sibling   avia-slide-slider'  itemprop=\"ImageObject\" itemscope=\"itemscope\" itemtype=\"https:\/\/schema.org\/ImageObject\" ><ul class='avia-slideshow-inner' style='padding-bottom: 42%;' ><li  class='slide-1' ><div data-rel='slideshow-1' class='avia-slide-wrap'   ><img src='https:\/\/www.retos.org.mx\/wp-content\/uploads\/2022\/02\/slider2-1500x630.png' width='1500' height='630' title='slider2' alt=''  itemprop=\"thumbnailUrl\"   \/><\/div><\/li><li  class='slide-2' ><div data-rel='slideshow-1' class='avia-slide-wrap'   ><img src='https:\/\/www.retos.org.mx\/wp-content\/uploads\/2022\/02\/woman-girl-with-down-syndrome-posing-by-window-1500x630.png' width='1500' height='630' title='woman-girl-with-down-syndrome-posing-by-window' alt=''  itemprop=\"thumbnailUrl\"   \/><\/div><\/li><\/ul><div class='avia-slideshow-arrows avia-slideshow-controls'><a href='#prev' class='prev-slide' aria-hidden='true' data-av_icon='\ue87c' data-av_iconfont='entypo-fontello'>Previous<\/a><a href='#next' class='next-slide' aria-hidden='true' data-av_icon='\ue87d' data-av_iconfont='entypo-fontello'>Next<\/a><\/div><div class='avia-slideshow-dots avia-slideshow-controls'><a href='#1' class='goto-slide active' >1<\/a><a href='#2' class='goto-slide' >2<\/a><\/div><\/div>\n<\/div><\/div><div class=\"flex_cell no_margin av_one_third  avia-builder-el-13  el_after_av_cell_two_third  avia-builder-el-last\" style='background: #29a2ca; vertical-align:middle; padding:30px; background-color:#29a2ca; '><div class='flex_cell_inner' ><section class=\"av_textblock_section\"  itemscope=\"itemscope\" itemtype=\"https:\/\/schema.org\/CreativeWork\" ><div class='avia_textblock  av_inherit_color'  style='color:#ffffff; '  itemprop=\"text\" ><p style=\"text-align: center;\">Te damos la oportunidad de <strong>observar al ser humano que vive en cada una<\/strong> de las personas que conforman la sociedad y que necesitan de tu apoyo.<\/p>\n<\/div><\/section><br \/>\n<div style='height:15px' class='hr hr-invisible   avia-builder-el-15  el_after_av_textblock  el_before_av_button'><span class='hr-inner' ><span class='hr-inner-style'><\/span><\/span><\/div><br \/>\n<div class='avia-button-wrap avia-button-center  avia-builder-el-16  el_after_av_hr  avia-builder-el-last'><a href='https:\/\/www.retos.org.mx\/es\/contact\/'  class='avia-button av-icon-on-hover  avia-icon_select-yes-right-icon avia-color-light avia-size-x-large avia-position-center'   ><span class='avia_iconbox_title' >\u00a1\u00danete a nuestro programa de voluntariado!<\/span><span class='avia_button_icon avia_button_icon_right' aria-hidden='true' data-av_icon='\ue805' data-av_iconfont='entypo-fontello'><\/span><\/a><\/div><\/p>\n<\/div><\/div>\n<\/div>","protected":false},"excerpt":{"rendered":"","protected":false},"author":1,"featured_media":0,"parent":0,"menu_order":0,"comment_status":"open","ping_status":"open","template":"","meta":{"footnotes":""},"class_list":["post-668","page","type-page","status-publish","hentry"],"_links":{"self":[{"href":"https:\/\/www.retos.org.mx\/es\/wp-json\/wp\/v2\/pages\/668","targetHints":{"allow":["GET"]}}],"collection":[{"href":"https:\/\/www.retos.org.mx\/es\/wp-json\/wp\/v2\/pages"}],"about":[{"href":"https:\/\/www.retos.org.mx\/es\/wp-json\/wp\/v2\/types\/page"}],"author":[{"embeddable":true,"href":"https:\/\/www.retos.org.mx\/es\/wp-json\/wp\/v2\/users\/1"}],"replies":[{"embeddable":true,"href":"https:\/\/www.retos.org.mx\/es\/wp-json\/wp\/v2\/comments?post=668"}],"version-history":[{"count":24,"href":"https:\/\/www.retos.org.mx\/es\/wp-json\/wp\/v2\/pages\/668\/revisions"}],"predecessor-version":[{"id":1106,"href":"https:\/\/www.retos.org.mx\/es\/wp-json\/wp\/v2\/pages\/668\/revisions\/1106"}],"wp:attachment":[{"href":"https:\/\/www.retos.org.mx\/es\/wp-json\/wp\/v2\/media?parent=668"}],"curies":[{"name":"wp","href":"https:\/\/api.w.org\/{rel}","templated":true}]}}