{"id":749,"date":"2022-03-21T22:33:55","date_gmt":"2022-03-21T22:33:55","guid":{"rendered":"https:\/\/www.retos.org.mx\/?page_id=749"},"modified":"2022-10-19T15:36:57","modified_gmt":"2022-10-19T21:36:57","slug":"my-space-my-food","status":"publish","type":"page","link":"https:\/\/www.retos.org.mx\/es\/my-space-my-food\/","title":{"rendered":"Mi Espacio, Mi Alimento"},"content":{"rendered":"<div id='av_section_1' class='avia-section main_color avia-section-huge avia-no-border-styling avia-full-stretch av-parallax-section av-section-color-overlay-active avia-bg-style-parallax  avia-builder-el-0  el_before_av_section  avia-builder-el-first   av-minimum-height av-minimum-height-75 container_wrap sidebar_right' style=' '  data-section-bg-repeat='stretch'><div class='av-parallax' data-avia-parallax-ratio='0.3' ><div class='av-parallax-inner main_color  avia-full-stretch' style = 'background-repeat: no-repeat; background-image: url(https:\/\/www.retos.org.mx\/wp-content\/uploads\/2022\/10\/alimento.jpg);background-attachment: scroll; background-position: top center; ' ><\/div><\/div><div class='av-section-color-overlay-wrap'><div class='av-section-color-overlay' style='opacity: 0.8; background-color: #29a2ca; '><\/div><div class='container' ><main  role=\"main\" itemprop=\"mainContentOfPage\"  class='template-page content  av-content-small alpha units'><div class='post-entry post-entry-type-page post-entry-749'><div class='entry-content-wrapper clearfix'>\n<div class=\"flex_column av_one_fifth  flex_column_div first  avia-builder-el-1  el_before_av_three_fifth  avia-builder-el-first\" ><\/div><div class=\"flex_column av_three_fifth  flex_column_div   avia-builder-el-2  el_after_av_one_fifth  el_before_av_one_fifth\" ><p><div style='padding-bottom:10px; color:#ffffff;font-size:40px;' class='av-special-heading av-special-heading-h1 custom-color-heading blockquote modern-quote modern-centered  avia-builder-el-3  el_before_av_hr  avia-builder-el-first  av-thin-font av-inherit-size'><h1 class='av-special-heading-tag'  itemprop=\"headline\"  >TRABAJANDO COMO<br \/>\n<strong>EQUIPO<\/strong><\/h1><div class='special-heading-border'><div class='special-heading-inner-border' style='border-color:#ffffff'><\/div><\/div><\/div><br \/>\n<div style=' margin-top:40px; margin-bottom:40px;'  class='hr hr-custom hr-center hr-icon-no   avia-builder-el-4  el_after_av_heading  avia-builder-el-last'><span class='hr-inner   inner-border-av-border-fat' style=' width:50px; border-color:#ffffff;' ><span class='hr-inner-style'><\/span><\/span><\/div><\/p><\/div><div class=\"flex_column av_one_fifth  flex_column_div   avia-builder-el-5  el_after_av_three_fifth  avia-builder-el-last\" ><\/div>\n\n<\/div><\/div><\/main><!-- close content main element --><\/div><\/div><\/div><div id='values' class='avia-section main_color avia-section-default avia-no-border-styling avia-bg-style-scroll  avia-builder-el-6  el_after_av_section  el_before_av_section   av-arrow-down-section container_wrap sidebar_right' style=' '  ><div class='container' ><div class='template-page content  av-content-small alpha units'><div class='post-entry post-entry-type-page post-entry-749'><div class='entry-content-wrapper clearfix'>\n<div class=\"flex_column av_one_fifth  flex_column_div first  avia-builder-el-7  el_before_av_three_fifth  avia-builder-el-first\" ><\/div><div class=\"flex_column av_three_fifth  flex_column_div   avia-builder-el-8  el_after_av_one_fifth  el_before_av_one_fifth\" ><p><div style='padding-bottom:10px; font-size:40px;' class='av-special-heading av-special-heading-h1  blockquote modern-quote modern-centered  avia-builder-el-9  el_before_av_textblock  avia-builder-el-first   av-thin-font av-inherit-size'><h1 class='av-special-heading-tag'  itemprop=\"headline\"  ><strong>Mi Espacio<\/strong> Mi Alimento<\/h1><div class='special-heading-border'><div class='special-heading-inner-border' ><\/div><\/div><\/div><br \/>\n<section class=\"av_textblock_section\"  itemscope=\"itemscope\" itemtype=\"https:\/\/schema.org\/CreativeWork\" ><div class='avia_textblock'   itemprop=\"text\" ><p style=\"text-align: center;\">El objetivo de este proyecto es que a trav\u00e9s de diferentes actividades ocupacionales, <strong>nuestros Beneficiarios siembren, cuiden, cultiven y cosechen hortalizas que luego son utilizadas en la preparaci\u00f3n de sus alimentos para lograr la autosustentabilidad de la instituci\u00f3n generando nuestros propios alimentos.<\/strong><\/p>\n<p style=\"text-align: center;\">A trav\u00e9s del efecto terap\u00e9utico en nuestros beneficiarios, estos se conectan con su interior, desarrollan habilidades de comunicaci\u00f3n y mejoran su estado de \u00e1nimo, lo que promueve un estado mental saludable que les ayuda a relajarse y vivir mejor en un espacio adecuado.<\/p>\n<\/div><\/section><\/p><\/div><div class=\"flex_column av_one_fifth  flex_column_div   avia-builder-el-11  el_after_av_three_fifth  avia-builder-el-last\" ><\/div>\n\n<\/div><\/div><\/div><!-- close content main div --><\/div><div class='av-extra-border-element border-extra-arrow-down'><div class='av-extra-border-outer'><div class='av-extra-border-inner'  style='background-color:#ffffff;' ><\/div><\/div><\/div><\/div><div id='av_section_3' class='avia-section main_color avia-section-default avia-no-border-styling avia-bg-style-scroll  avia-builder-el-12  el_after_av_section  el_before_av_layout_row   av-arrow-down-section container_wrap sidebar_right' style='background-color: #e1e1e1;  '  ><div class='container' ><div class='template-page content  av-content-small alpha units'><div class='post-entry post-entry-type-page post-entry-749'><div class='entry-content-wrapper clearfix'>\n<div class=\"flex_column av_one_fifth  flex_column_div first  avia-builder-el-13  el_before_av_three_fifth  avia-builder-el-first\" ><\/div><div class=\"flex_column av_three_fifth  flex_column_div   avia-builder-el-14  el_after_av_one_fifth  el_before_av_one_fifth\" ><section class=\"av_textblock_section\"  itemscope=\"itemscope\" itemtype=\"https:\/\/schema.org\/CreativeWork\" ><div class='avia_textblock'   itemprop=\"text\" ><h3 style=\"text-align: center;\">RETOS ABP agradece este proyecto a todos nuestros consejeros,<\/h3>\n<h3 style=\"text-align: center;\">benefactores y amigos.<\/h3>\n<\/div><\/section><\/div><div class=\"flex_column av_one_fifth  flex_column_div   avia-builder-el-16  el_after_av_three_fifth  avia-builder-el-last\" ><\/div>\n\n<\/div><\/div><\/div><!-- close content main div --><\/div><div class='av-extra-border-element border-extra-arrow-down'><div class='av-extra-border-outer'><div class='av-extra-border-inner'  style='background-color:#e1e1e1;' ><\/div><\/div><\/div><\/div><div id='contact' class='av-layout-grid-container entry-content-wrapper main_color av-flex-cells    avia-builder-el-17  el_after_av_section  avia-builder-el-last  submenu-not-first container_wrap sidebar_right' style=' '  >\n<div class=\"flex_cell no_margin av_two_third  avia-builder-el-18  el_before_av_cell_one_third  avia-builder-el-first   av-zero-padding\" style='background: #29a2ca; vertical-align:top; padding:0px; background-color:#29a2ca; '><div class='flex_cell_inner' ><div  data-size='featured_large'  data-lightbox_size='large'  data-animation='slide'  data-conditional_play=''  data-ids='556,539'  data-video_counter='0'  data-autoplay='true'  data-bg_slider='false'  data-slide_height=''  data-handle='av_slideshow'  data-interval='3'  data-class=' avia-builder-el-19  avia-builder-el-no-sibling  '  data-css_id=''  data-scroll_down=''  data-control_layout='av-control-minimal'  data-custom_markup=''  data-perma_caption=''  data-autoplay_stopper=''  data-image_attachment=''  data-min_height='0px'  data-default-height='42'  class='avia-slideshow avia-slideshow-1  av-control-minimal av-default-height-applied avia-slideshow-featured_large av_slideshow  avia-builder-el-19  avia-builder-el-no-sibling   avia-slide-slider'  itemprop=\"ImageObject\" itemscope=\"itemscope\" itemtype=\"https:\/\/schema.org\/ImageObject\" ><ul class='avia-slideshow-inner' style='padding-bottom: 42%;' ><li  class='slide-1' ><div data-rel='slideshow-1' class='avia-slide-wrap'   ><img src='https:\/\/www.retos.org.mx\/wp-content\/uploads\/2022\/02\/slider2-1500x630.png' width='1500' height='630' title='slider2' alt=''  itemprop=\"thumbnailUrl\"   \/><\/div><\/li><li  class='slide-2' ><div data-rel='slideshow-1' class='avia-slide-wrap'   ><img src='https:\/\/www.retos.org.mx\/wp-content\/uploads\/2022\/02\/woman-girl-with-down-syndrome-posing-by-window-1500x630.png' width='1500' height='630' title='woman-girl-with-down-syndrome-posing-by-window' alt=''  itemprop=\"thumbnailUrl\"   \/><\/div><\/li><\/ul><div class='avia-slideshow-arrows avia-slideshow-controls'><a href='#prev' class='prev-slide' aria-hidden='true' data-av_icon='\ue87c' data-av_iconfont='entypo-fontello'>Previous<\/a><a href='#next' class='next-slide' aria-hidden='true' data-av_icon='\ue87d' data-av_iconfont='entypo-fontello'>Next<\/a><\/div><div class='avia-slideshow-dots avia-slideshow-controls'><a href='#1' class='goto-slide active' >1<\/a><a href='#2' class='goto-slide' >2<\/a><\/div><\/div>\n<\/div><\/div><div class=\"flex_cell no_margin av_one_third  avia-builder-el-20  el_after_av_cell_two_third  avia-builder-el-last\" style='background: #29a2ca; vertical-align:middle; padding:30px; background-color:#29a2ca; '><div class='flex_cell_inner' ><section class=\"av_textblock_section\"  itemscope=\"itemscope\" itemtype=\"https:\/\/schema.org\/CreativeWork\" ><div class='avia_textblock  av_inherit_color'  style='color:#ffffff; '  itemprop=\"text\" ><p style=\"text-align: center;\">Te damos la oportunidad de <strong>observar al ser humano que vive en cada una<\/strong> de las personas que conforman la sociedad y que necesitan de tu apoyo.<\/p>\n<\/div><\/section><br \/>\n<div style='height:15px' class='hr hr-invisible   avia-builder-el-22  el_after_av_textblock  el_before_av_button'><span class='hr-inner' ><span class='hr-inner-style'><\/span><\/span><\/div><br \/>\n<div class='avia-button-wrap avia-button-center  avia-builder-el-23  el_after_av_hr  avia-builder-el-last'><a href='https:\/\/www.retos.org.mx\/es\/contact\/'  class='avia-button av-icon-on-hover  avia-icon_select-yes-right-icon avia-color-light avia-size-x-large avia-position-center'   ><span class='avia_iconbox_title' >\u00a1\u00danete a nuestro programa de voluntariado!<\/span><span class='avia_button_icon avia_button_icon_right' aria-hidden='true' data-av_icon='\ue805' data-av_iconfont='entypo-fontello'><\/span><\/a><\/div><\/p>\n<\/div><\/div>\n<\/div>","protected":false},"excerpt":{"rendered":"","protected":false},"author":1,"featured_media":0,"parent":0,"menu_order":0,"comment_status":"open","ping_status":"open","template":"","meta":{"footnotes":""},"class_list":["post-749","page","type-page","status-publish","hentry"],"_links":{"self":[{"href":"https:\/\/www.retos.org.mx\/es\/wp-json\/wp\/v2\/pages\/749","targetHints":{"allow":["GET"]}}],"collection":[{"href":"https:\/\/www.retos.org.mx\/es\/wp-json\/wp\/v2\/pages"}],"about":[{"href":"https:\/\/www.retos.org.mx\/es\/wp-json\/wp\/v2\/types\/page"}],"author":[{"embeddable":true,"href":"https:\/\/www.retos.org.mx\/es\/wp-json\/wp\/v2\/users\/1"}],"replies":[{"embeddable":true,"href":"https:\/\/www.retos.org.mx\/es\/wp-json\/wp\/v2\/comments?post=749"}],"version-history":[{"count":7,"href":"https:\/\/www.retos.org.mx\/es\/wp-json\/wp\/v2\/pages\/749\/revisions"}],"predecessor-version":[{"id":1114,"href":"https:\/\/www.retos.org.mx\/es\/wp-json\/wp\/v2\/pages\/749\/revisions\/1114"}],"wp:attachment":[{"href":"https:\/\/www.retos.org.mx\/es\/wp-json\/wp\/v2\/media?parent=749"}],"curies":[{"name":"wp","href":"https:\/\/api.w.org\/{rel}","templated":true}]}}