{"id":760,"date":"2022-03-21T23:45:11","date_gmt":"2022-03-21T23:45:11","guid":{"rendered":"https:\/\/www.retos.org.mx\/?page_id=760"},"modified":"2022-10-19T15:38:42","modified_gmt":"2022-10-19T21:38:42","slug":"beneficiaries","status":"publish","type":"page","link":"https:\/\/www.retos.org.mx\/es\/beneficiaries\/","title":{"rendered":"Beneficiarios"},"content":{"rendered":"<div id='av_section_1' class='avia-section main_color avia-section-huge avia-no-border-styling avia-full-stretch av-parallax-section av-section-color-overlay-active avia-bg-style-parallax  avia-builder-el-0  el_before_av_section  avia-builder-el-first   av-minimum-height av-minimum-height-75 container_wrap sidebar_right' style=' '  data-section-bg-repeat='stretch'><div class='av-parallax' data-avia-parallax-ratio='0.3' ><div class='av-parallax-inner main_color  avia-full-stretch' style = 'background-repeat: no-repeat; background-image: url(https:\/\/www.retos.org.mx\/wp-content\/uploads\/2022\/10\/beneficiarios.jpg);background-attachment: scroll; background-position: top center; ' ><\/div><\/div><div class='av-section-color-overlay-wrap'><div class='av-section-color-overlay' style='opacity: 0.8; background-color: #29a2ca; '><\/div><div class='container' ><main  role=\"main\" itemprop=\"mainContentOfPage\"  class='template-page content  av-content-small alpha units'><div class='post-entry post-entry-type-page post-entry-760'><div class='entry-content-wrapper clearfix'>\n<div class=\"flex_column av_one_fifth  flex_column_div first  avia-builder-el-1  el_before_av_three_fifth  avia-builder-el-first\" ><\/div><div class=\"flex_column av_three_fifth  flex_column_div   avia-builder-el-2  el_after_av_one_fifth  el_before_av_one_fifth\" ><p><div style='padding-bottom:10px; color:#ffffff;font-size:40px;' class='av-special-heading av-special-heading-h1 custom-color-heading blockquote modern-quote modern-centered  avia-builder-el-3  el_before_av_hr  avia-builder-el-first  av-thin-font av-inherit-size'><h1 class='av-special-heading-tag'  itemprop=\"headline\"  >ESTAMOS AQU\u00cd<br \/>\n<strong>PARA TI<\/strong><\/h1><div class='special-heading-border'><div class='special-heading-inner-border' style='border-color:#ffffff'><\/div><\/div><\/div><br \/>\n<div style=' margin-top:40px; margin-bottom:40px;'  class='hr hr-custom hr-center hr-icon-no   avia-builder-el-4  el_after_av_heading  avia-builder-el-last'><span class='hr-inner   inner-border-av-border-fat' style=' width:50px; border-color:#ffffff;' ><span class='hr-inner-style'><\/span><\/span><\/div><\/p><\/div><div class=\"flex_column av_one_fifth  flex_column_div   avia-builder-el-5  el_after_av_three_fifth  avia-builder-el-last\" ><\/div>\n\n<\/div><\/div><\/main><!-- close content main element --><\/div><\/div><\/div><div id='values' class='avia-section main_color avia-section-default avia-no-border-styling avia-bg-style-scroll  avia-builder-el-6  el_after_av_section  el_before_av_section   av-arrow-down-section container_wrap sidebar_right' style=' '  ><div class='container' ><div class='template-page content  av-content-small alpha units'><div class='post-entry post-entry-type-page post-entry-760'><div class='entry-content-wrapper clearfix'>\n<div class=\"flex_column av_one_fifth  flex_column_div first  avia-builder-el-7  el_before_av_three_fifth  avia-builder-el-first\" ><\/div><div class=\"flex_column av_three_fifth  flex_column_div   avia-builder-el-8  el_after_av_one_fifth  el_before_av_one_fifth\" ><p><div style='padding-bottom:20px; font-size:40px;' class='av-special-heading av-special-heading-h1  blockquote modern-quote modern-centered  avia-builder-el-9  el_before_av_textblock  avia-builder-el-first   av-thin-font av-inherit-size'><h1 class='av-special-heading-tag'  itemprop=\"headline\"  >PERFIL DE LOS <strong>Beneficiarios<\/strong><\/h1><div class='special-heading-border'><div class='special-heading-inner-border' ><\/div><\/div><\/div><br \/>\n<section class=\"av_textblock_section\"  itemscope=\"itemscope\" itemtype=\"https:\/\/schema.org\/CreativeWork\" ><div class='avia_textblock'   itemprop=\"text\" ><p id=\"tw-target-text\" class=\"tw-data-text tw-text-large tw-ta\" dir=\"ltr\" style=\"text-align: center;\" data-placeholder=\"Traducci\u00f3n\"><span class=\"Y2IQFc\" lang=\"en\">J\u00f3venes y adultos con discapacidad en entornos vulnerables, a quienes a trav\u00e9s de terapias y servicios, se les ayuda a obtener una mejor calidad de vida y a vivir dignamente.<\/span><\/p>\n<\/div><\/section><\/p><\/div><div class=\"flex_column av_one_fifth  flex_column_div   avia-builder-el-11  el_after_av_three_fifth  avia-builder-el-last\" ><\/div>\n\n<\/div><\/div><\/div><!-- close content main div --><\/div><div class='av-extra-border-element border-extra-arrow-down'><div class='av-extra-border-outer'><div class='av-extra-border-inner'  style='background-color:#ffffff;' ><\/div><\/div><\/div><\/div><div id='av_section_3' class='avia-section footer_color avia-section-default avia-no-border-styling avia-bg-style-scroll  avia-builder-el-12  el_after_av_section  el_before_av_section   container_wrap sidebar_right' style=' '  ><div class='container' ><div class='template-page content  av-content-small alpha units'><div class='post-entry post-entry-type-page post-entry-760'><div class='entry-content-wrapper clearfix'>\n<div class=\"flex_column av_one_third  flex_column_div first  avia-builder-el-13  el_before_av_one_third  avia-builder-el-first\" ><p><div style='padding-bottom:10px; color:#000000;' class='av-special-heading av-special-heading-h3 custom-color-heading blockquote modern-quote modern-centered  avia-builder-el-14  el_before_av_textblock  avia-builder-el-first  av-thin-font'><h3 class='av-special-heading-tag'  itemprop=\"headline\"  >Impacto de los <strong>Beneficiarios<\/strong><\/h3><div class='special-heading-border'><div class='special-heading-inner-border' style='border-color:#000000'><\/div><\/div><\/div><br \/>\n<section class=\"av_textblock_section\"  itemscope=\"itemscope\" itemtype=\"https:\/\/schema.org\/CreativeWork\" ><div class='avia_textblock'   itemprop=\"text\" ><ul>\n<li>Dignificaci\u00f3n de la persona<\/li>\n<li>Transformando la forma de visualizarse<\/li>\n<li>Ayudando a la inclusi\u00f3n social<\/li>\n<li>Aportando una nueva oportunidad de mejorar su calidad de vida<\/li>\n<\/ul>\n<\/div><\/section><\/p><\/div><div class=\"flex_column av_one_third  flex_column_div   avia-builder-el-16  el_after_av_one_third  el_before_av_one_third\" ><p><div style='padding-bottom:10px; color:#000000;' class='av-special-heading av-special-heading-h3 custom-color-heading blockquote modern-quote modern-centered  avia-builder-el-17  el_before_av_textblock  avia-builder-el-first  av-thin-font'><h3 class='av-special-heading-tag translation-block'  itemprop=\"headline\"  >Impacto en la <strong>familia<\/strong><\/h3><div class='special-heading-border'><div class='special-heading-inner-border' style='border-color:#000000'><\/div><\/div><\/div><br \/>\n<section class=\"av_textblock_section\"  itemscope=\"itemscope\" itemtype=\"https:\/\/schema.org\/CreativeWork\" ><div class='avia_textblock'   itemprop=\"text\" ><ul>\n<li>Siendo un lugar seguro para las personas discapacitadas, dando al cabeza de familia la oportunidad de buscar, superar y apoyar econ\u00f3micamente al resto de la familia<\/li>\n<li>Orientando a la familia en el cuidado de los beneficiarios<\/li>\n<li>Fomentando la unidad familiar en sus hogares con miembros discapacitados<\/li>\n<\/ul>\n<\/div><\/section><\/p><\/div><div class=\"flex_column av_one_third  flex_column_div   avia-builder-el-19  el_after_av_one_third  avia-builder-el-last\" ><p><div style='padding-bottom:10px; color:#000000;' class='av-special-heading av-special-heading-h3 custom-color-heading blockquote modern-quote modern-centered  avia-builder-el-20  el_before_av_textblock  avia-builder-el-first  av-thin-font'><h3 class='av-special-heading-tag translation-block'  itemprop=\"headline\"  >Impacto en la <strong>Comunidad<\/strong><\/h3><div class='special-heading-border'><div class='special-heading-inner-border' style='border-color:#000000'><\/div><\/div><\/div><br \/>\n<section class=\"av_textblock_section\"  itemscope=\"itemscope\" itemtype=\"https:\/\/schema.org\/CreativeWork\" ><div class='avia_textblock'   itemprop=\"text\" ><ul>\n<li>Elevar y promover un cambio de percepci\u00f3n positivo para las personas con discapacidad<\/li>\n<li>Educar y promover la inclusi\u00f3n de las personas con discapacidad en la sociedad<\/li>\n<li>Promover la cultura del respeto a las plazas de aparcamiento para discapacitados<\/li>\n<li>Promover la cultura y la eliminaci\u00f3n de las barreras arquitect\u00f3nicas y tomar las medidas necesarias para una nueva construcci\u00f3n a favor del traslado de las personas que necesitan asistencia f\u00edsica para caminar, que utilizan una silla de ruedas, muletas, andador, o cualquier otro medio<\/li>\n<\/ul>\n<\/div><\/section><\/p><\/div>\n\n<\/div><\/div><\/div><!-- close content main div --><\/div><\/div><div id='av_section_4' class='avia-section main_color avia-section-default avia-no-border-styling avia-bg-style-scroll  avia-builder-el-22  el_after_av_section  el_before_av_section   av-desktop-hide av-medium-hide av-small-hide av-mini-hide container_wrap sidebar_right' style='background-color: #eeeeee;  '  ><div class='container' ><div class='template-page content  av-content-small alpha units'><div class='post-entry post-entry-type-page post-entry-760'><div class='entry-content-wrapper clearfix'>\n<div class=\"flex_column av_one_fifth  flex_column_div first  avia-builder-el-23  el_before_av_three_fifth  avia-builder-el-first\" ><\/div><div class=\"flex_column av_three_fifth  flex_column_div   avia-builder-el-24  el_after_av_one_fifth  el_before_av_one_fifth\" ><div class='avia-image-container  av-styling-    avia-builder-el-25  avia-builder-el-no-sibling  avia-align-center'  itemprop=\"ImageObject\" itemscope=\"itemscope\" itemtype=\"https:\/\/schema.org\/ImageObject\"  ><div class='avia-image-container-inner'><div class='avia-image-overlay-wrap'><img class='avia_image' src='https:\/\/www.retos.org.mx\/wp-content\/uploads\/2022\/03\/perfil-beneficiarios.png' alt='' title='perfil-beneficiarios' height=\"454\" width=\"1140\"  itemprop=\"thumbnailUrl\"  \/><\/div><\/div><\/div><\/div><div class=\"flex_column av_one_fifth  flex_column_div   avia-builder-el-26  el_after_av_three_fifth  avia-builder-el-last\" ><\/div>\n\n<\/div><\/div><\/div><!-- close content main div --><\/div><\/div><div id='av_section_5' class='avia-section main_color avia-section-default avia-no-border-styling avia-bg-style-scroll  avia-builder-el-27  el_after_av_section  el_before_av_layout_row   container_wrap sidebar_right' style=' '  ><div class='container' ><div class='template-page content  av-content-small alpha units'><div class='post-entry post-entry-type-page post-entry-760'><div class='entry-content-wrapper clearfix'>\n<div style='padding-bottom:20px; font-size:40px;' class='av-special-heading av-special-heading-h1  blockquote modern-quote modern-centered  avia-builder-el-28  el_before_av_testimonials  avia-builder-el-first   av-thin-font av-inherit-size'><h1 class='av-special-heading-tag'  itemprop=\"headline\"  ><strong>TESTIMONIOS<\/strong><\/h1><div class='special-heading-border'><div class='special-heading-inner-border' ><\/div><\/div><\/div>\n<div  data-autoplay='1'  data-interval='8'  data-animation='fade'  data-hoverpause='1'  class='avia-testimonial-wrapper avia-grid-testimonials avia-grid-2-testimonials avia_animate_when_almost_visible  av-minimal-grid-style'>\n<section class ='avia-testimonial-row'><div class='avia-testimonial av_one_half flex_column no_margin avia-testimonial-row-1 avia-first-testimonial'  itemscope=\"itemscope\" itemtype=\"https:\/\/schema.org\/Person\" ><div class='avia-testimonial_inner'><div class='avia-testimonial-content'    itemscope=\"itemscope\" itemtype=\"https:\/\/schema.org\/CreativeWork\" ><p>Mi nombre es Yuvisela Sterling Rojas y tengo un t\u00edo llamado Gerardo Rojas Guadalupe diagnosticado con esquizofrenia y es tratado con medicamentos, sin embargo, antes de llegar a RETOS, era muy agresivo y no ten\u00eda ganas de vivir. Sali\u00f3 de su casa y camin\u00f3 kil\u00f3metros y kil\u00f3metros, cuando regres\u00f3 ten\u00eda los pies ampollados, estaba muy triste, sin zapatos, a veces golpeado injustamente, porque no pod\u00eda expresar sus sentimientos, siempre dec\u00eda tonter\u00edas causadas por su problema y los nervios. Sigue con su medicaci\u00f3n sin embargo la diferencia es que cuando entr\u00f3 en RETOS, se convirti\u00f3 en una persona llena de vida, sinti\u00e9ndose \u00fatil ayudando a los dem\u00e1s, ahora es muy sociable, bien educado, siempre queriendo ayudar. Casi puedo decir que no tiene ninguna discapacidad con la ayuda de esta instituci\u00f3n. Ahora est\u00e1 totalmente integrado a la sociedad, doy gracias a Dios porque existe RETOS, mis abuelos murieron y mi t\u00edo est\u00e1 ahora con mi mam\u00e1 y conmigo, RETOS nos ayud\u00f3 mucho con \u00e9l, es una persona nueva conviviendo con personas que tienen problemas similares, en esta instituci\u00f3n lo ayudan a seguir con su vida, compartiendo con otras personas que tienen diferentes discapacidades, les dan terapia, los llevan a visitar diferentes lugares, les ense\u00f1an habilidades que pueden hacer con sus capacidades, les dan amor y entienden sus necesidades para hacerlos felices, y sobre todo que a pesar de todos los problemas que pasan se den cuenta del sentido de la vida. Doy gracias a Dios por las personas que apoyan econ\u00f3mica y socialmente a esta instituci\u00f3n porque gracias a esto pueden apoyar a estas personas que necesitan mucha ayuda de ellos.<\/p>\n<\/div><div class='avia-testimonial-meta'><div class='avia-testimonial-arrow-wrap'><div class='avia-arrow'><\/div><\/div><div class='avia-testimonial-meta-mini'><strong  class='avia-testimonial-name'    itemprop=\"name\" >Yuvisela Sterling Rojas<\/strong><\/div><\/div><\/div><\/div>\n<div class='avia-testimonial av_one_half flex_column no_margin avia-testimonial-row-1 avia-last-testimonial'  itemscope=\"itemscope\" itemtype=\"https:\/\/schema.org\/Person\" ><div class='avia-testimonial_inner'><div class='avia-testimonial-content'    itemscope=\"itemscope\" itemtype=\"https:\/\/schema.org\/CreativeWork\" ><p>En la presente carta, me presento como madre de un joven de 25 a\u00f1os con discapacidad mental, mi hijo hizo su primaria y secundaria en un programa regular, esto fue recomendado para su integraci\u00f3n social, y afortunadamente aprendi\u00f3 a leer y escribir. Pero despu\u00e9s de este per\u00edodo, tuve un momento dif\u00edcil pensando en lo que podr\u00eda venir para \u00e9l, as\u00ed que intentamos la escuela t\u00e9cnica sin suerte. Entonces empec\u00e9 a buscar un lugar donde mi hijo pudiera continuar con una vida activa, encontr\u00e9 muchas Instituciones para ni\u00f1os, pero para adultos encontr\u00e9 muy pocos lugares (se pueden contar con menos de los dedos de una mano). Entonces encontr\u00e9 RETOS ABP, y desde el primer d\u00eda que visit\u00e9 la Instituci\u00f3n buscando informaci\u00f3n, encontr\u00e9 un muy buen ambiente, la trabajadora social fue muy amable y de los beneficiarios percib\u00ed tranquilidad y cari\u00f1o, todo esto me ayud\u00f3 a decidirme m\u00e1s r\u00e1pido en hacer una elecci\u00f3n. Hoy tengo la satisfacci\u00f3n de que durante el d\u00eda mi hijo tiene actividades como: manualidades, tareas escolares, deportes y recreaci\u00f3n, que lo mantienen integrado socialmente, pero sobre todo que recibe un cari\u00f1o especial y cada d\u00eda que lo recojo lo encuentro muy feliz. RETOS es un lugar con muy buenas intenciones de ayudar a los adultos con discapacidad y siempre est\u00e1n tratando de hacer lo mejor. Gracias por su atenci\u00f3n y gracias por toda la ayuda que puedan brindar a esta Instituci\u00f3n, esto se ver\u00e1 reflejado en la vida de mi hijo y del resto de los beneficiarios.<\/p>\n<\/div><div class='avia-testimonial-meta'><div class='avia-testimonial-arrow-wrap'><div class='avia-arrow'><\/div><\/div><div class='avia-testimonial-meta-mini'><strong  class='avia-testimonial-name'    itemprop=\"name\" >Mrs. Aida Araceli Cervantes Pati\u00f1o<\/strong><\/div><\/div><\/div><\/div><\/section>\n<section class ='avia-testimonial-row'><div class='avia-testimonial av_one_half flex_column no_margin avia-testimonial-row-2 avia-first-testimonial'  itemscope=\"itemscope\" itemtype=\"https:\/\/schema.org\/Person\" ><div class='avia-testimonial_inner'><div class='avia-testimonial-content'    itemscope=\"itemscope\" itemtype=\"https:\/\/schema.org\/CreativeWork\" ><p>En la presente carta doy testimonio que RETOS es una instituci\u00f3n que atiende a personas adultas con diferentes discapacidades, mi hermano Jes\u00fas Apolo Garc\u00eda Silva, con par\u00e1lisis cerebral y problemas de lenguaje, ha sido beneficiario durante los \u00faltimos 3 a\u00f1os y ha mejorado su conducta y logrado mejores habilidades sociales, tambi\u00e9n ha aprendido a ser m\u00e1s autosuficiente, como vestirse solo. Tambi\u00e9n est\u00e1 recibiendo terapia del lenguaje y fisioterapia para mejorar su motilidad. Asiste muy feliz a RETOS, teniendo muchos amigos con los que puede compartir aficiones, actividades de esparcimiento y visitas a Museos, parques de diversiones, cine y teatro.<\/p>\n<\/div><div class='avia-testimonial-meta'><div class='avia-testimonial-arrow-wrap'><div class='avia-arrow'><\/div><\/div><div class='avia-testimonial-meta-mini'><strong  class='avia-testimonial-name'    itemprop=\"name\" >Cecilia del Refugio Garc\u00eda Silva<\/strong><\/div><\/div><\/div><\/div>\n<div class='avia-testimonial av_one_half flex_column no_margin avia-testimonial-row-2 avia-last-testimonial'  itemscope=\"itemscope\" itemtype=\"https:\/\/schema.org\/Person\" ><div class='avia-testimonial_inner'><div class='avia-testimonial-content'    itemscope=\"itemscope\" itemtype=\"https:\/\/schema.org\/CreativeWork\" ><p>Con estas palabras extiendo mi agradecimiento al INSTITUTO RETOS ABP, donde mi hermano Jos\u00e9 Medardo Gonz\u00e1lez Benitez es uno de los beneficiarios. A punto de cumplir 9 a\u00f1os en esta instituci\u00f3n, tengo que reconocer todos los beneficios que mi hermano ha recibido, y que puede retomar con dignidad y amor, sin discriminaci\u00f3n por su tipo de discapacidad, en un ambiente lleno de diversi\u00f3n y respeto. Este tratamiento ha mejorado las habilidades sociales de mi hermano, con mejores experiencias en su vida diaria, valora su salud y se levanta cada ma\u00f1ana con la ilusi\u00f3n de ir a RETOS y aprender algo nuevo.\nS\u00f3lo tengo que decir \u00a1Gracias!<br \/>\nI just have to say Thank you!<\/p>\n<\/div><div class='avia-testimonial-meta'><div class='avia-testimonial-arrow-wrap'><div class='avia-arrow'><\/div><\/div><div class='avia-testimonial-meta-mini'><strong  class='avia-testimonial-name'    itemprop=\"name\" >Ana Mar\u00eda Gonz\u00e1lez Ben\u00edtez<\/strong><\/div><\/div><\/div><\/div><\/section>\n<section class ='avia-testimonial-row'><div class='avia-testimonial av_one_half flex_column no_margin avia-testimonial-row-3 avia-first-testimonial'  itemscope=\"itemscope\" itemtype=\"https:\/\/schema.org\/Person\" ><div class='avia-testimonial_inner'><div class='avia-testimonial-content'    itemscope=\"itemscope\" itemtype=\"https:\/\/schema.org\/CreativeWork\" ><p>Hace dos a\u00f1os mi hijo lleg\u00f3 a Instituto RETOS con otros 3 amigos y la aceptaci\u00f3n de su ingreso con la trabajadora social y el resto del personal fue muy buena. Mi hijo y yo estamos muy contentos con el trato y la calidad humana que recibe. Los sacan a realizar actividades deportivas y recreativas, que a veces por falta de tiempo y trabajo no podemos realizar en familia. En RETOS los tratan como si estuvieran en casa, les dan de comer a la hora del almuerzo, por lo que yo solo lo llevo a casa a cenar y hago mi mayor esfuerzo para pasar tiempo con \u00e9l, el tiempo que Dios me lo permite.<br \/>\nGracias por todo.<\/p>\n<\/div><div class='avia-testimonial-meta'><div class='avia-testimonial-arrow-wrap'><div class='avia-arrow'><\/div><\/div><div class='avia-testimonial-meta-mini'><strong  class='avia-testimonial-name'    itemprop=\"name\" >Do\u00f1a Norma Alan\u00eds Zumaya<\/strong><span  class='avia-testimonial-subtitle'    itemprop=\"jobTitle\" >Mother of Luis Javier Reyna Alan\u00eds<\/span><\/div><\/div><\/div><\/div>\n<\/section><\/div>\n\n<\/div><\/div><\/div><!-- close content main div --><\/div><\/div><div id='contact' class='av-layout-grid-container entry-content-wrapper main_color av-flex-cells    avia-builder-el-30  el_after_av_section  avia-builder-el-last  submenu-not-first container_wrap sidebar_right' style=' '  >\n<div class=\"flex_cell no_margin av_two_third  avia-builder-el-31  el_before_av_cell_one_third  avia-builder-el-first   av-zero-padding\" style='background: #29a2ca; vertical-align:top; padding:0px; background-color:#29a2ca; '><div class='flex_cell_inner' ><div  data-size='featured_large'  data-lightbox_size='large'  data-animation='slide'  data-conditional_play=''  data-ids='556,539'  data-video_counter='0'  data-autoplay='true'  data-bg_slider='false'  data-slide_height=''  data-handle='av_slideshow'  data-interval='3'  data-class=' avia-builder-el-32  avia-builder-el-no-sibling  '  data-css_id=''  data-scroll_down=''  data-control_layout='av-control-minimal'  data-custom_markup=''  data-perma_caption=''  data-autoplay_stopper=''  data-image_attachment=''  data-min_height='0px'  data-default-height='42'  class='avia-slideshow avia-slideshow-1  av-control-minimal av-default-height-applied avia-slideshow-featured_large av_slideshow  avia-builder-el-32  avia-builder-el-no-sibling   avia-slide-slider'  itemprop=\"ImageObject\" itemscope=\"itemscope\" itemtype=\"https:\/\/schema.org\/ImageObject\" ><ul class='avia-slideshow-inner' style='padding-bottom: 42%;' ><li  class='slide-1' ><div data-rel='slideshow-1' class='avia-slide-wrap'   ><img src='https:\/\/www.retos.org.mx\/wp-content\/uploads\/2022\/02\/slider2-1500x630.png' width='1500' height='630' title='slider2' alt=''  itemprop=\"thumbnailUrl\"   \/><\/div><\/li><li  class='slide-2' ><div data-rel='slideshow-1' class='avia-slide-wrap'   ><img src='https:\/\/www.retos.org.mx\/wp-content\/uploads\/2022\/02\/woman-girl-with-down-syndrome-posing-by-window-1500x630.png' width='1500' height='630' title='woman-girl-with-down-syndrome-posing-by-window' alt=''  itemprop=\"thumbnailUrl\"   \/><\/div><\/li><\/ul><div class='avia-slideshow-arrows avia-slideshow-controls'><a href='#prev' class='prev-slide' aria-hidden='true' data-av_icon='\ue87c' data-av_iconfont='entypo-fontello'>Previous<\/a><a href='#next' class='next-slide' aria-hidden='true' data-av_icon='\ue87d' data-av_iconfont='entypo-fontello'>Next<\/a><\/div><div class='avia-slideshow-dots avia-slideshow-controls'><a href='#1' class='goto-slide active' >1<\/a><a href='#2' class='goto-slide' >2<\/a><\/div><\/div>\n<\/div><\/div><div class=\"flex_cell no_margin av_one_third  avia-builder-el-33  el_after_av_cell_two_third  avia-builder-el-last\" style='background: #29a2ca; vertical-align:middle; padding:30px; background-color:#29a2ca; '><div class='flex_cell_inner' ><section class=\"av_textblock_section\"  itemscope=\"itemscope\" itemtype=\"https:\/\/schema.org\/CreativeWork\" ><div class='avia_textblock  av_inherit_color'  style='color:#ffffff; '  itemprop=\"text\" ><p style=\"text-align: center;\">Te damos la oportunidad de <strong>observar al ser humano que vive en cada una<\/strong> de las personas que conforman la sociedad y que necesitan de tu apoyo.<\/p>\n<\/div><\/section><br \/>\n<div style='height:15px' class='hr hr-invisible   avia-builder-el-35  el_after_av_textblock  el_before_av_button'><span class='hr-inner' ><span class='hr-inner-style'><\/span><\/span><\/div><br \/>\n<div class='avia-button-wrap avia-button-center  avia-builder-el-36  el_after_av_hr  avia-builder-el-last'><a href='https:\/\/www.retos.org.mx\/es\/contact\/'  class='avia-button av-icon-on-hover  avia-icon_select-yes-right-icon avia-color-light avia-size-x-large avia-position-center'   ><span class='avia_iconbox_title' >\u00a1\u00danete a nuestro programa de voluntariado!<\/span><span class='avia_button_icon avia_button_icon_right' aria-hidden='true' data-av_icon='\ue805' data-av_iconfont='entypo-fontello'><\/span><\/a><\/div><\/p>\n<\/div><\/div>\n<\/div>","protected":false},"excerpt":{"rendered":"","protected":false},"author":1,"featured_media":0,"parent":0,"menu_order":0,"comment_status":"open","ping_status":"open","template":"","meta":{"footnotes":""},"class_list":["post-760","page","type-page","status-publish","hentry"],"_links":{"self":[{"href":"https:\/\/www.retos.org.mx\/es\/wp-json\/wp\/v2\/pages\/760","targetHints":{"allow":["GET"]}}],"collection":[{"href":"https:\/\/www.retos.org.mx\/es\/wp-json\/wp\/v2\/pages"}],"about":[{"href":"https:\/\/www.retos.org.mx\/es\/wp-json\/wp\/v2\/types\/page"}],"author":[{"embeddable":true,"href":"https:\/\/www.retos.org.mx\/es\/wp-json\/wp\/v2\/users\/1"}],"replies":[{"embeddable":true,"href":"https:\/\/www.retos.org.mx\/es\/wp-json\/wp\/v2\/comments?post=760"}],"version-history":[{"count":17,"href":"https:\/\/www.retos.org.mx\/es\/wp-json\/wp\/v2\/pages\/760\/revisions"}],"predecessor-version":[{"id":3692,"href":"https:\/\/www.retos.org.mx\/es\/wp-json\/wp\/v2\/pages\/760\/revisions\/3692"}],"wp:attachment":[{"href":"https:\/\/www.retos.org.mx\/es\/wp-json\/wp\/v2\/media?parent=760"}],"curies":[{"name":"wp","href":"https:\/\/api.w.org\/{rel}","templated":true}]}}