{"id":782,"date":"2022-03-22T00:22:17","date_gmt":"2022-03-22T00:22:17","guid":{"rendered":"https:\/\/www.retos.org.mx\/?page_id=782"},"modified":"2025-04-28T19:13:00","modified_gmt":"2025-04-29T01:13:00","slug":"donations","status":"publish","type":"page","link":"https:\/\/www.retos.org.mx\/es\/donations\/","title":{"rendered":"Donaciones"},"content":{"rendered":"<div id='av_section_1' class='avia-section main_color avia-section-default avia-no-border-styling avia-full-stretch av-parallax-section av-section-color-overlay-active avia-bg-style-parallax  avia-builder-el-0  el_before_av_section  avia-builder-el-first   av-minimum-height av-minimum-height-75 container_wrap sidebar_right' style=' '  data-section-bg-repeat='stretch'><div class='av-parallax' data-avia-parallax-ratio='0.3' ><div class='av-parallax-inner main_color  avia-full-stretch' style = 'background-repeat: no-repeat; background-image: url(https:\/\/www.retos.org.mx\/wp-content\/uploads\/2022\/02\/slider2.png);background-attachment: scroll; background-position: top center; ' ><\/div><\/div><div class='av-section-color-overlay-wrap'><div class='av-section-color-overlay' style='opacity: 0.8; background-color: #29a2ca; '><\/div><div class='container' ><main  role=\"main\" itemprop=\"mainContentOfPage\"  class='template-page content  av-content-small alpha units'><div class='post-entry post-entry-type-page post-entry-782'><div class='entry-content-wrapper clearfix'>\n<div class=\"flex_column av_one_fifth  flex_column_div first  avia-builder-el-1  el_before_av_three_fifth  avia-builder-el-first\" ><\/div><div class=\"flex_column av_three_fifth  flex_column_div   avia-builder-el-2  el_after_av_one_fifth  el_before_av_one_fifth\" ><div style='padding-bottom:10px; color:#ffffff;font-size:40px;' class='av-special-heading av-special-heading-h1 custom-color-heading blockquote modern-quote modern-centered  avia-builder-el-3  avia-builder-el-no-sibling  av-thin-font av-inherit-size'><h1 class='av-special-heading-tag'  itemprop=\"headline\"  >J\u00d3VENES Y ADULTOS CON DISCAPACIDAD<br \/>\n<strong>NECESITAN TU APOYO<\/strong><\/h1><div class='special-heading-border'><div class='special-heading-inner-border' style='border-color:#ffffff'><\/div><\/div><\/div><\/div><div class=\"flex_column av_one_fifth  flex_column_div   avia-builder-el-4  el_after_av_three_fifth  avia-builder-el-last\" ><\/div>\n\n<\/div><\/div><\/main><!-- close content main element --><\/div><\/div><\/div><div id='values' class='avia-section main_color avia-section-default avia-no-border-styling avia-bg-style-scroll  avia-builder-el-5  el_after_av_section  el_before_av_section   av-arrow-down-section container_wrap sidebar_right' style=' '  ><div class='container' ><div class='template-page content  av-content-small alpha units'><div class='post-entry post-entry-type-page post-entry-782'><div class='entry-content-wrapper clearfix'>\n<div class=\"flex_column av_one_full  flex_column_div first  avia-builder-el-6  avia-builder-el-no-sibling\" ><div style='padding-bottom:10px; font-size:40px;' class='av-special-heading av-special-heading-h1  blockquote modern-quote modern-centered  avia-builder-el-7  avia-builder-el-no-sibling   av-thin-font av-inherit-size'><h1 class='av-special-heading-tag'  itemprop=\"headline\"  ><strong>Donaciones<\/strong><\/h1><div class='special-heading-border'><div class='special-heading-inner-border' ><\/div><\/div><\/div><\/div>\n\n<\/div><\/div><\/div><!-- close content main div --><\/div><div class='av-extra-border-element border-extra-arrow-down'><div class='av-extra-border-outer'><div class='av-extra-border-inner'  style='background-color:#ffffff;' ><\/div><\/div><\/div><\/div><div id='av_section_3' class='avia-section main_color avia-section-default avia-no-border-styling avia-bg-style-scroll  avia-builder-el-8  el_after_av_section  el_before_av_one_full   av-arrow-down-section container_wrap sidebar_right' style='background-color: #eaeaea;  '  ><div class='container' ><div class='template-page content  av-content-small alpha units'><div class='post-entry post-entry-type-page post-entry-782'><div class='entry-content-wrapper clearfix'>\n<div class=\"flex_column av_one_half  flex_column_div av-zero-column-padding first  avia-builder-el-9  el_before_av_one_half  avia-builder-el-first\" style='border-radius:0px; '><section class=\"av_textblock_section\"  itemscope=\"itemscope\" itemtype=\"https:\/\/schema.org\/CreativeWork\" ><div class='avia_textblock'   itemprop=\"text\" ><p><strong>\u00bfC\u00f3mo unirse a la familia Retos?\u00a0<\/strong><\/p>\n<p><strong>Apoyando programas como:<\/strong>\u00a0Fortalecimiento institucional - Guarder\u00eda<\/p>\n<p><strong>En los siguientes modelos:\u00a0<\/strong><\/p>\n<ul>\n<li>Cargo a tarjeta de cr\u00e9dito o d\u00e9bito<\/li>\n<li>Programa B\u00e9calos<\/li>\n<li>Peso a Peso<\/li>\n<li>Eventos Especiales<\/li>\n<li>Redondeos<\/li>\n<li>Comunicaci\u00f3n terrestre especializada<\/li>\n<li>Bazar<\/li>\n<\/ul>\n<\/div><\/section><\/div><div class=\"flex_column av_one_half  flex_column_div av-zero-column-padding   avia-builder-el-11  el_after_av_one_half  avia-builder-el-last\" style='border-radius:0px; '><section class=\"av_textblock_section\"  itemscope=\"itemscope\" itemtype=\"https:\/\/schema.org\/CreativeWork\" ><div class='avia_textblock'   itemprop=\"text\" ><div><strong>Apoya nuestros programas.\u00a0Puedes hacerlo directamente en nuestras cuentas:<\/strong><\/div>\n<div><img loading=\"lazy\" decoding=\"async\" class=\"alignnone wp-image-587\" src=\"http:\/\/www.retos.org.mx\/wp-content\/uploads\/2022\/02\/Afirme_logo-300x58.png\" alt=\"\" width=\"258\" height=\"50\" srcset=\"https:\/\/www.retos.org.mx\/wp-content\/uploads\/2022\/02\/Afirme_logo-300x58.png 300w, https:\/\/www.retos.org.mx\/wp-content\/uploads\/2022\/02\/Afirme_logo-1030x200.png 1030w, https:\/\/www.retos.org.mx\/wp-content\/uploads\/2022\/02\/Afirme_logo-768x149.png 768w, https:\/\/www.retos.org.mx\/wp-content\/uploads\/2022\/02\/Afirme_logo-1536x298.png 1536w, https:\/\/www.retos.org.mx\/wp-content\/uploads\/2022\/02\/Afirme_logo-1500x291.png 1500w, https:\/\/www.retos.org.mx\/wp-content\/uploads\/2022\/02\/Afirme_logo-705x137.png 705w, https:\/\/www.retos.org.mx\/wp-content\/uploads\/2022\/02\/Afirme_logo-450x87.png 450w, https:\/\/www.retos.org.mx\/wp-content\/uploads\/2022\/02\/Afirme_logo.png 1600w\" sizes=\"auto, (max-width: 258px) 100vw, 258px\" \/><\/div>\n<div>AFIRME No. 103114500 SUC. PADRE MIER<br \/>\nCLABE PARA TRANSFERENCIA SPEI:<br \/>\nNo. 062580001031145006<\/div>\n<div><img loading=\"lazy\" decoding=\"async\" class=\"alignnone wp-image-586\" src=\"http:\/\/www.retos.org.mx\/wp-content\/uploads\/2022\/02\/Logo-BBVA-1024x576-1-e1644337629331-300x97.jpeg\" alt=\"\" width=\"201\" height=\"65\" srcset=\"https:\/\/www.retos.org.mx\/wp-content\/uploads\/2022\/02\/Logo-BBVA-1024x576-1-e1644337629331-300x97.jpeg 300w, https:\/\/www.retos.org.mx\/wp-content\/uploads\/2022\/02\/Logo-BBVA-1024x576-1-e1644337629331-705x228.jpeg 705w, https:\/\/www.retos.org.mx\/wp-content\/uploads\/2022\/02\/Logo-BBVA-1024x576-1-e1644337629331-450x145.jpeg 450w, https:\/\/www.retos.org.mx\/wp-content\/uploads\/2022\/02\/Logo-BBVA-1024x576-1-e1644337629331.jpeg 768w\" sizes=\"auto, (max-width: 201px) 100vw, 201px\" \/><\/div>\n<div>Cuenta: No. 0447553439<br \/>\nCLABE PARA TRANSFERENCIA SPEI:<br \/>\nNo. 012580004475534398<\/div>\n<\/div><\/section><\/div>\n<\/div><\/div><\/div><!-- close content main div --><\/div><div class='av-extra-border-element border-extra-arrow-down'><div class='av-extra-border-outer'><div class='av-extra-border-inner'  style='background-color:#eaeaea;' ><\/div><\/div><\/div><\/div><div id='after_section_3' class='main_color av_default_container_wrap container_wrap sidebar_right' style=' '  ><div class='container' ><div class='template-page content  av-content-small alpha units'><div class='post-entry post-entry-type-page post-entry-782'><div class='entry-content-wrapper clearfix'>\n<div class=\"flex_column av_one_full  flex_column_div av-zero-column-padding first  avia-builder-el-13  el_after_av_section  el_before_av_section  avia-builder-el-no-sibling\" style='border-radius:0px; '><section class=\"av_textblock_section\"  itemscope=\"itemscope\" itemtype=\"https:\/\/schema.org\/CreativeWork\" ><div class='avia_textblock'   itemprop=\"text\" ><hr \/>\n<p style=\"text-align: center;\"><strong>Apoya nuestros programas. Puedes hacerlo directamente aqu\u00ed:<\/strong><\/p>\n<p><script src=\"https:\/\/donorbox.org\/widget.js\" paypalexpress=\"false\"><\/script><\/p>\n<div style=\"display: flex; flex-direction: column; align-items: center;\"><iframe loading=\"lazy\" style=\"width: 100%; max-width: 425px; min-width: 250px; max-height: none!important; margin: auto; position: relative;\" src=\"https:\/\/donorbox.org\/embed\/retos-beca?\" name=\"donorbox\" width=\"100%\" height=\"900px\" frameborder=\"0\" scrolling=\"no\" seamless=\"seamless\"><\/iframe><\/div>\n<\/div><\/section><\/div>\n<\/div><\/div><\/div><!-- close content main div --><\/div><\/div><div id='values' class='avia-section main_color avia-section-default avia-no-border-styling avia-bg-style-scroll  avia-builder-el-15  el_after_av_one_full  el_before_av_section   av-arrow-down-section container_wrap sidebar_right' style=' '  ><div class='container' ><div class='template-page content  av-content-small alpha units'><div class='post-entry post-entry-type-page post-entry-782'><div class='entry-content-wrapper clearfix'>\n<div class=\"flex_column av_one_fifth  flex_column_div av-zero-column-padding first  avia-builder-el-16  el_before_av_three_fifth  avia-builder-el-first\" style='border-radius:0px; '><\/div><div class=\"flex_column av_three_fifth  flex_column_div av-zero-column-padding   avia-builder-el-17  el_after_av_one_fifth  el_before_av_one_fifth\" style='border-radius:0px; '><p><div style='padding-bottom:10px; font-size:40px;' class='av-special-heading av-special-heading-h1  blockquote modern-quote modern-centered  avia-builder-el-18  el_before_av_textblock  avia-builder-el-first   av-thin-font av-inherit-size'><h1 class='av-special-heading-tag'  itemprop=\"headline\"  ><strong>PADRINOS<\/strong><\/h1><div class='special-heading-border'><div class='special-heading-inner-border' ><\/div><\/div><\/div><br \/>\n<section class=\"av_textblock_section\"  itemscope=\"itemscope\" itemtype=\"https:\/\/schema.org\/CreativeWork\" ><div class='avia_textblock'   itemprop=\"text\" ><p><strong>Apadrina un beneficiario a trav\u00e9s del Programa B\u00e9calos<\/strong><\/p>\n<p>Con una aportaci\u00f3n mensual de $ 5,500.00 MXP a trav\u00e9s de nuestro programa Padrino, puedes ayudar a uno de nuestros beneficiarios y darle la oportunidad de recibir atenci\u00f3n integral durante un a\u00f1o.<\/p>\n<\/div><\/section><\/p><\/div><div class=\"flex_column av_one_fifth  flex_column_div av-zero-column-padding   avia-builder-el-20  el_after_av_three_fifth  avia-builder-el-last\" style='border-radius:0px; '><\/div>\n\n<\/div><\/div><\/div><!-- close content main div --><\/div><div class='av-extra-border-element border-extra-arrow-down'><div class='av-extra-border-outer'><div class='av-extra-border-inner'  style='background-color:#ffffff;' ><\/div><\/div><\/div><\/div><div id='av_section_5' class='avia-section main_color avia-section-default avia-no-border-styling avia-bg-style-scroll  avia-builder-el-21  el_after_av_section  el_before_av_section   container_wrap sidebar_right' style=' '  ><div class='container' ><div class='template-page content  av-content-small alpha units'><div class='post-entry post-entry-type-page post-entry-782'><div class='entry-content-wrapper clearfix'>\n<div class=\"flex_column av_one_fifth  no_margin flex_column_div av-zero-column-padding first  avia-builder-el-22  el_before_av_one_fifth  avia-builder-el-first\" style='border-radius:0px; '><article class=\"iconbox iconbox_top main_color    avia-builder-el-23  avia-builder-el-no-sibling\"  itemscope=\"itemscope\" itemtype=\"https:\/\/schema.org\/CreativeWork\" ><div class=\"iconbox_content\"><header class=\"entry-content-header\"><div class=\"iconbox_icon heading-color\" aria-hidden='true' data-av_icon='\ue879' data-av_iconfont='entypo-fontello'  ><\/div><h3 class='iconbox_content_title'  itemprop=\"headline\"  >VISITE NUESTRA INSTITUCI\u00d3N<\/h3><\/header><div class='iconbox_content_container'  itemprop=\"text\"  ><\/div><\/div><footer class=\"entry-footer\"><\/footer><\/article><\/div><div class=\"flex_column av_one_fifth  no_margin flex_column_div av-zero-column-padding   avia-builder-el-24  el_after_av_one_fifth  el_before_av_one_fifth\" style='border-radius:0px; '><article class=\"iconbox iconbox_top main_color    avia-builder-el-25  avia-builder-el-no-sibling\"  itemscope=\"itemscope\" itemtype=\"https:\/\/schema.org\/CreativeWork\" ><div class=\"iconbox_content\"><header class=\"entry-content-header\"><div class=\"iconbox_icon heading-color\" aria-hidden='true' data-av_icon='\ue879' data-av_iconfont='entypo-fontello'  ><\/div><h3 class='iconbox_content_title'  itemprop=\"headline\"  >CONOCER A NUESTROS BENEFICIARIOS<\/h3><\/header><div class='iconbox_content_container'  itemprop=\"text\"  ><\/div><\/div><footer class=\"entry-footer\"><\/footer><\/article><\/div><div class=\"flex_column av_one_fifth  no_margin flex_column_div av-zero-column-padding   avia-builder-el-26  el_after_av_one_fifth  el_before_av_one_fifth\" style='border-radius:0px; '><article class=\"iconbox iconbox_top main_color    avia-builder-el-27  avia-builder-el-no-sibling\"  itemscope=\"itemscope\" itemtype=\"https:\/\/schema.org\/CreativeWork\" ><div class=\"iconbox_content\"><header class=\"entry-content-header\"><div class=\"iconbox_icon heading-color\" aria-hidden='true' data-av_icon='\ue879' data-av_iconfont='entypo-fontello'  ><\/div><h3 class='iconbox_content_title'  itemprop=\"headline\"  >CONVI\u00c9RTETE EN BENEFACTOR<\/h3><\/header><div class='iconbox_content_container'  itemprop=\"text\"  ><\/div><\/div><footer class=\"entry-footer\"><\/footer><\/article><\/div><div class=\"flex_column av_one_fifth  no_margin flex_column_div av-zero-column-padding   avia-builder-el-28  el_after_av_one_fifth  el_before_av_one_fifth\" style='border-radius:0px; '><article class=\"iconbox iconbox_top main_color    avia-builder-el-29  avia-builder-el-no-sibling\"  itemscope=\"itemscope\" itemtype=\"https:\/\/schema.org\/CreativeWork\" ><div class=\"iconbox_content\"><header class=\"entry-content-header\"><div class=\"iconbox_icon heading-color\" aria-hidden='true' data-av_icon='\ue879' data-av_iconfont='entypo-fontello'  ><\/div><h3 class='iconbox_content_title'  itemprop=\"headline\"  >RECIBIR NOTICIAS Y LOGROS DEL BENEFICIARIO PATROCINADO<\/h3><\/header><div class='iconbox_content_container'  itemprop=\"text\"  ><\/div><\/div><footer class=\"entry-footer\"><\/footer><\/article><\/div><div class=\"flex_column av_one_fifth  no_margin flex_column_div av-zero-column-padding   avia-builder-el-30  el_after_av_one_fifth  avia-builder-el-last\" style='border-radius:0px; '><article class=\"iconbox iconbox_top main_color    avia-builder-el-31  avia-builder-el-no-sibling\"  itemscope=\"itemscope\" itemtype=\"https:\/\/schema.org\/CreativeWork\" ><div class=\"iconbox_content\"><header class=\"entry-content-header\"><div class=\"iconbox_icon heading-color\" aria-hidden='true' data-av_icon='\ue879' data-av_iconfont='entypo-fontello'  ><\/div><h3 class='iconbox_content_title'  itemprop=\"headline\"  >ENTREGAMOS DATOS PARA RECIBO DEDUCIBLE<\/h3><\/header><div class='iconbox_content_container'  itemprop=\"text\"  ><\/div><\/div><footer class=\"entry-footer\"><\/footer><\/article><\/div>\n\n<\/div><\/div><\/div><!-- close content main div --><\/div><\/div><div id='av_section_6' class='avia-section main_color avia-section-default avia-no-border-styling avia-bg-style-scroll  avia-builder-el-32  el_after_av_section  el_before_av_layout_row   av-arrow-down-section container_wrap sidebar_right' style='background-color: #eaeaea;  '  ><div class='container' ><div class='template-page content  av-content-small alpha units'><div class='post-entry post-entry-type-page post-entry-782'><div class='entry-content-wrapper clearfix'>\n<div class=\"flex_column av_one_fifth  flex_column_div first  avia-builder-el-33  el_before_av_three_fifth  avia-builder-el-first\" ><\/div><div class=\"flex_column av_three_fifth  flex_column_div   avia-builder-el-34  el_after_av_one_fifth  el_before_av_one_fifth\" ><p><div style='padding-bottom:10px; font-size:40px;' class='av-special-heading av-special-heading-h1  blockquote modern-quote modern-centered  avia-builder-el-35  el_before_av_textblock  avia-builder-el-first   av-thin-font av-inherit-size'><h1 class='av-special-heading-tag'  itemprop=\"headline\"  ><strong>Bazar a Beneficio<\/strong><\/h1><div class='special-heading-border'><div class='special-heading-inner-border' ><\/div><\/div><\/div><br \/>\n<section class=\"av_textblock_section\"  itemscope=\"itemscope\" itemtype=\"https:\/\/schema.org\/CreativeWork\" ><div class='avia_textblock'   itemprop=\"text\" ><p><strong>Dona en buenas condiciones lo que ya no usas:\u00a0<\/strong><\/p>\n<ul>\n<li>Juguetes<\/li>\n<li>Ropa<\/li>\n<li>Zapatos<\/li>\n<li>Aparatos de gimnasia<\/li>\n<li>Art\u00edculos para el hogar<\/li>\n<li>Electrodom\u00e9sticos<\/li>\n<li>Muebles<\/li>\n<li>Accesorios de decoraci\u00f3n<\/li>\n<li>etc.<\/li>\n<\/ul>\n<p><strong>Recogemos su donaci\u00f3n, p\u00f3ngase en contacto con nosotros.<\/strong><\/p>\n<\/div><\/section><\/p><\/div><div class=\"flex_column av_one_fifth  flex_column_div   avia-builder-el-37  el_after_av_three_fifth  avia-builder-el-last\" ><\/div>\n\n<\/div><\/div><\/div><!-- close content main div --><\/div><div class='av-extra-border-element border-extra-arrow-down'><div class='av-extra-border-outer'><div class='av-extra-border-inner'  style='background-color:#eaeaea;' ><\/div><\/div><\/div><\/div><div id='contact' class='av-layout-grid-container entry-content-wrapper main_color av-flex-cells    avia-builder-el-38  el_after_av_section  avia-builder-el-last  submenu-not-first container_wrap sidebar_right' style=' '  >\n<div class=\"flex_cell no_margin av_two_third  avia-builder-el-39  el_before_av_cell_one_third  avia-builder-el-first   av-zero-padding\" style='background: #29a2ca; vertical-align:top; padding:0px; background-color:#29a2ca; '><div class='flex_cell_inner' ><div  data-size='featured_large'  data-lightbox_size='large'  data-animation='slide'  data-conditional_play=''  data-ids='556,539'  data-video_counter='0'  data-autoplay='true'  data-bg_slider='false'  data-slide_height=''  data-handle='av_slideshow'  data-interval='3'  data-class=' avia-builder-el-40  avia-builder-el-no-sibling  '  data-css_id=''  data-scroll_down=''  data-control_layout='av-control-minimal'  data-custom_markup=''  data-perma_caption=''  data-autoplay_stopper=''  data-image_attachment=''  data-min_height='0px'  data-default-height='42'  class='avia-slideshow avia-slideshow-1  av-control-minimal av-default-height-applied avia-slideshow-featured_large av_slideshow  avia-builder-el-40  avia-builder-el-no-sibling   avia-slide-slider'  itemprop=\"ImageObject\" itemscope=\"itemscope\" itemtype=\"https:\/\/schema.org\/ImageObject\" ><ul class='avia-slideshow-inner' style='padding-bottom: 42%;' ><li  class='slide-1' ><div data-rel='slideshow-1' class='avia-slide-wrap'   ><img src='https:\/\/www.retos.org.mx\/wp-content\/uploads\/2022\/02\/slider2-1500x630.png' width='1500' height='630' title='slider2' alt=''  itemprop=\"thumbnailUrl\"   \/><\/div><\/li><li  class='slide-2' ><div data-rel='slideshow-1' class='avia-slide-wrap'   ><img src='https:\/\/www.retos.org.mx\/wp-content\/uploads\/2022\/02\/woman-girl-with-down-syndrome-posing-by-window-1500x630.png' width='1500' height='630' title='woman-girl-with-down-syndrome-posing-by-window' alt=''  itemprop=\"thumbnailUrl\"   \/><\/div><\/li><\/ul><div class='avia-slideshow-arrows avia-slideshow-controls'><a href='#prev' class='prev-slide' aria-hidden='true' data-av_icon='\ue87c' data-av_iconfont='entypo-fontello'>Previous<\/a><a href='#next' class='next-slide' aria-hidden='true' data-av_icon='\ue87d' data-av_iconfont='entypo-fontello'>Next<\/a><\/div><div class='avia-slideshow-dots avia-slideshow-controls'><a href='#1' class='goto-slide active' >1<\/a><a href='#2' class='goto-slide' >2<\/a><\/div><\/div>\n<\/div><\/div><div class=\"flex_cell no_margin av_one_third  avia-builder-el-41  el_after_av_cell_two_third  avia-builder-el-last\" style='background: #29a2ca; vertical-align:middle; padding:30px; background-color:#29a2ca; '><div class='flex_cell_inner' ><section class=\"av_textblock_section\"  itemscope=\"itemscope\" itemtype=\"https:\/\/schema.org\/CreativeWork\" ><div class='avia_textblock  av_inherit_color'  style='color:#ffffff; '  itemprop=\"text\" ><p style=\"text-align: center;\">Te damos la oportunidad de <strong>observar al ser humano que vive en cada una<\/strong> de las personas que conforman la sociedad y que necesitan de tu apoyo.<\/p>\n<\/div><\/section><br \/>\n<div style='height:15px' class='hr hr-invisible   avia-builder-el-43  el_after_av_textblock  el_before_av_button'><span class='hr-inner' ><span class='hr-inner-style'><\/span><\/span><\/div><br \/>\n<div class='avia-button-wrap avia-button-center  avia-builder-el-44  el_after_av_hr  avia-builder-el-last'><a href='https:\/\/www.retos.org.mx\/es\/contact\/'  class='avia-button av-icon-on-hover  avia-icon_select-yes-right-icon avia-color-light avia-size-x-large avia-position-center'   ><span class='avia_iconbox_title' >\u00a1\u00danete a nuestro programa de voluntariado!<\/span><span class='avia_button_icon avia_button_icon_right' aria-hidden='true' data-av_icon='\ue805' data-av_iconfont='entypo-fontello'><\/span><\/a><\/div><\/p>\n<\/div><\/div>\n<\/div>","protected":false},"excerpt":{"rendered":"","protected":false},"author":1,"featured_media":0,"parent":0,"menu_order":0,"comment_status":"open","ping_status":"open","template":"","meta":{"footnotes":""},"class_list":["post-782","page","type-page","status-publish","hentry"],"_links":{"self":[{"href":"https:\/\/www.retos.org.mx\/es\/wp-json\/wp\/v2\/pages\/782","targetHints":{"allow":["GET"]}}],"collection":[{"href":"https:\/\/www.retos.org.mx\/es\/wp-json\/wp\/v2\/pages"}],"about":[{"href":"https:\/\/www.retos.org.mx\/es\/wp-json\/wp\/v2\/types\/page"}],"author":[{"embeddable":true,"href":"https:\/\/www.retos.org.mx\/es\/wp-json\/wp\/v2\/users\/1"}],"replies":[{"embeddable":true,"href":"https:\/\/www.retos.org.mx\/es\/wp-json\/wp\/v2\/comments?post=782"}],"version-history":[{"count":19,"href":"https:\/\/www.retos.org.mx\/es\/wp-json\/wp\/v2\/pages\/782\/revisions"}],"predecessor-version":[{"id":3826,"href":"https:\/\/www.retos.org.mx\/es\/wp-json\/wp\/v2\/pages\/782\/revisions\/3826"}],"wp:attachment":[{"href":"https:\/\/www.retos.org.mx\/es\/wp-json\/wp\/v2\/media?parent=782"}],"curies":[{"name":"wp","href":"https:\/\/api.w.org\/{rel}","templated":true}]}}